{"id":87,"date":"2020-02-14T11:37:25","date_gmt":"2020-02-14T11:37:25","guid":{"rendered":"http:\/\/nehreklam.se\/eshop\/styrkelyftforbundet\/?post_type=product&#038;p=87"},"modified":"2025-06-10T02:08:08","modified_gmt":"2025-06-10T02:08:08","slug":"piketroja-ssf","status":"publish","type":"product","link":"https:\/\/nehreklam.se\/eshop\/styrkelyftforbundet\/produkt\/piketroja-ssf\/","title":{"rendered":"Pik\u00e9tr\u00f6ja, SSF"},"content":{"rendered":"","protected":false},"excerpt":{"rendered":"<p>Modern pik\u00e9tr\u00f6ja i stretch med tight passform. Tv\u00e5 p\u00e4rlemorknappar i knappsl\u00e5n p\u00e5 herr och tre p\u00e5 dam, herringbone nackband och dekorativa stickningar vid slitsar i sidorna. F\u00f6rkrympt och enzymbehandlad f\u00f6r en mjuk och sk\u00f6n k\u00e4nsla.<\/p>\n<p>Storlekar Dam: S &#8211; XXL<\/p>\n<p>Storlekar Herr: XS &#8211; 3XL<\/p>\n","protected":false},"featured_media":226,"template":"","meta":[],"product_brand":[],"product_cat":[19],"product_tag":[],"class_list":{"0":"post-87","1":"product","2":"type-product","3":"status-publish","4":"has-post-thumbnail","6":"product_cat-supporter","8":"first","9":"instock","10":"taxable","11":"shipping-taxable","12":"purchasable","13":"product-type-variable"},"_links":{"self":[{"href":"https:\/\/nehreklam.se\/eshop\/styrkelyftforbundet\/wp-json\/wp\/v2\/product\/87","targetHints":{"allow":["GET"]}}],"collection":[{"href":"https:\/\/nehreklam.se\/eshop\/styrkelyftforbundet\/wp-json\/wp\/v2\/product"}],"about":[{"href":"https:\/\/nehreklam.se\/eshop\/styrkelyftforbundet\/wp-json\/wp\/v2\/types\/product"}],"wp:featuredmedia":[{"embeddable":true,"href":"https:\/\/nehreklam.se\/eshop\/styrkelyftforbundet\/wp-json\/wp\/v2\/media\/226"}],"wp:attachment":[{"href":"https:\/\/nehreklam.se\/eshop\/styrkelyftforbundet\/wp-json\/wp\/v2\/media?parent=87"}],"wp:term":[{"taxonomy":"product_brand","embeddable":true,"href":"https:\/\/nehreklam.se\/eshop\/styrkelyftforbundet\/wp-json\/wp\/v2\/product_brand?post=87"},{"taxonomy":"product_cat","embeddable":true,"href":"https:\/\/nehreklam.se\/eshop\/styrkelyftforbundet\/wp-json\/wp\/v2\/product_cat?post=87"},{"taxonomy":"product_tag","embeddable":true,"href":"https:\/\/nehreklam.se\/eshop\/styrkelyftforbundet\/wp-json\/wp\/v2\/product_tag?post=87"}],"curies":[{"name":"wp","href":"https:\/\/api.w.org\/{rel}","templated":true}]}}