{"id":1599,"date":"2018-09-28T09:35:39","date_gmt":"2018-09-28T07:35:39","guid":{"rendered":"http:\/\/nehreklam.se\/eshop\/swbmedlem\/?post_type=product&#038;p=1599"},"modified":"2023-12-27T13:56:34","modified_gmt":"2023-12-27T12:56:34","slug":"t-shirt-dam","status":"publish","type":"product","link":"https:\/\/nehreklam.se\/eshop\/swbmedlem\/produkt\/t-shirt-dam\/","title":{"rendered":"T-shirt, dam"},"content":{"rendered":"","protected":false},"excerpt":{"rendered":"<div class=\"woocommerce-product-details__short-description\">\n<p>Klassisk t-shirt i b\u00e4sta kvalitet i modern passform. F\u00f6rkrymt kammad bomull och ringspunnet garn, herr rundstickad och dam har sidos\u00f6mmar. Dubbelkrage med elastan.<\/p>\n<div class=\"Text-sc-s31epd-0 iOMnrj d-inline f3-700 mr-1\"><strong>Material:<\/strong> 100% bomull<\/div>\n<div>\n<div>\n<div class=\"Text-sc-s31epd-0 iOMnrj d-inline f3-700 mr-1\"><strong>Vikt:<\/strong> 160 g\/m2<\/div>\n<\/div>\n<\/div>\n<\/div>\n","protected":false},"featured_media":3085,"template":"","meta":[],"product_brand":[],"product_cat":[6],"product_tag":[],"class_list":{"0":"post-1599","1":"product","2":"type-product","3":"status-publish","4":"has-post-thumbnail","6":"product_cat-klader","7":"has-post-title","8":"has-post-date","9":"has-post-category","10":"has-post-tag","11":"has-post-comment","12":"has-post-author","13":"","15":"first","16":"instock","17":"taxable","18":"shipping-taxable","19":"purchasable","20":"product-type-variable"},"builder_content":"","_links":{"self":[{"href":"https:\/\/nehreklam.se\/eshop\/swbmedlem\/wp-json\/wp\/v2\/product\/1599","targetHints":{"allow":["GET"]}}],"collection":[{"href":"https:\/\/nehreklam.se\/eshop\/swbmedlem\/wp-json\/wp\/v2\/product"}],"about":[{"href":"https:\/\/nehreklam.se\/eshop\/swbmedlem\/wp-json\/wp\/v2\/types\/product"}],"wp:featuredmedia":[{"embeddable":true,"href":"https:\/\/nehreklam.se\/eshop\/swbmedlem\/wp-json\/wp\/v2\/media\/3085"}],"wp:attachment":[{"href":"https:\/\/nehreklam.se\/eshop\/swbmedlem\/wp-json\/wp\/v2\/media?parent=1599"}],"wp:term":[{"taxonomy":"product_brand","embeddable":true,"href":"https:\/\/nehreklam.se\/eshop\/swbmedlem\/wp-json\/wp\/v2\/product_brand?post=1599"},{"taxonomy":"product_cat","embeddable":true,"href":"https:\/\/nehreklam.se\/eshop\/swbmedlem\/wp-json\/wp\/v2\/product_cat?post=1599"},{"taxonomy":"product_tag","embeddable":true,"href":"https:\/\/nehreklam.se\/eshop\/swbmedlem\/wp-json\/wp\/v2\/product_tag?post=1599"}],"curies":[{"name":"wp","href":"https:\/\/api.w.org\/{rel}","templated":true}]}}