{"id":1940,"date":"2019-05-20T09:10:21","date_gmt":"2019-05-20T07:10:21","guid":{"rendered":"http:\/\/nehreklam.se\/eshop\/swbmedlem\/?post_type=product&#038;p=1940"},"modified":"2023-12-28T09:36:34","modified_gmt":"2023-12-28T08:36:34","slug":"jacka-herr","status":"publish","type":"product","link":"https:\/\/nehreklam.se\/eshop\/swbmedlem\/produkt\/jacka-herr\/","title":{"rendered":"Jacka, herr"},"content":{"rendered":"","protected":false},"excerpt":{"rendered":"<p><span class=\"product-view__sku\">E<\/span><span class=\"product-view__sku\">n exklusiv jacka med dragkedja representerar framtiden d\u00e4r sweatshirt-m\u00f6ter-ytterplagg, en perfekt kombination mellan sport och casual. \u00c4rm och bakstycke \u00e4r i ett mjukt l\u00e4ttviktsmaterial vilka \u00e4r inkorpererade med en v\u00e4st i v\u00e4vt material som skyddar mot vind och h\u00e5ller dig varm. Passar utm\u00e4rkt \u00f6ver en skjorta eller pik\u00e9 till b\u00e5de vardag och sport.<br \/>\n<\/span><span class=\"product-view__sku\">&#8211; Andasfunktion och fukttransporterande f\u00f6rm\u00e5ga CB DryTecTM <\/span><\/p>\n<p><em>Till\u00e4gg f\u00f6r namnbrodyr finns. Denna sitter p\u00e5 h\u00f6ger br\u00f6st och \u00e4r i samma f\u00e4rg som loggan.<\/em><\/p>\n<p><strong>Material<\/strong>: Framtill 100% polyester. Baktill samt \u00e4rmar: 89% polyester och 11% spandex. Vaddering: 100% polyester, CB DryTec.<br \/>\n<strong>Vikt<\/strong>: Fabric 1: 200 g\/m2, Fabric 2:200 g\/m2 Filling: 40 g\/m2<\/p>\n<p><span class=\"product-view__sku\">\u00a0<\/span><\/p>\n","protected":false},"featured_media":1938,"template":"","meta":[],"product_brand":[],"product_cat":[6],"product_tag":[],"class_list":{"0":"post-1940","1":"product","2":"type-product","3":"status-publish","4":"has-post-thumbnail","6":"product_cat-klader","7":"has-post-title","8":"has-post-date","9":"has-post-category","10":"has-post-tag","11":"has-post-comment","12":"has-post-author","13":"","15":"first","16":"instock","17":"taxable","18":"shipping-taxable","19":"purchasable","20":"product-type-variable"},"builder_content":"","_links":{"self":[{"href":"https:\/\/nehreklam.se\/eshop\/swbmedlem\/wp-json\/wp\/v2\/product\/1940","targetHints":{"allow":["GET"]}}],"collection":[{"href":"https:\/\/nehreklam.se\/eshop\/swbmedlem\/wp-json\/wp\/v2\/product"}],"about":[{"href":"https:\/\/nehreklam.se\/eshop\/swbmedlem\/wp-json\/wp\/v2\/types\/product"}],"wp:featuredmedia":[{"embeddable":true,"href":"https:\/\/nehreklam.se\/eshop\/swbmedlem\/wp-json\/wp\/v2\/media\/1938"}],"wp:attachment":[{"href":"https:\/\/nehreklam.se\/eshop\/swbmedlem\/wp-json\/wp\/v2\/media?parent=1940"}],"wp:term":[{"taxonomy":"product_brand","embeddable":true,"href":"https:\/\/nehreklam.se\/eshop\/swbmedlem\/wp-json\/wp\/v2\/product_brand?post=1940"},{"taxonomy":"product_cat","embeddable":true,"href":"https:\/\/nehreklam.se\/eshop\/swbmedlem\/wp-json\/wp\/v2\/product_cat?post=1940"},{"taxonomy":"product_tag","embeddable":true,"href":"https:\/\/nehreklam.se\/eshop\/swbmedlem\/wp-json\/wp\/v2\/product_tag?post=1940"}],"curies":[{"name":"wp","href":"https:\/\/api.w.org\/{rel}","templated":true}]}}