{"id":2932,"date":"2023-11-24T10:01:53","date_gmt":"2023-11-24T09:01:53","guid":{"rendered":"https:\/\/nehreklam.se\/eshop\/swbmedlem\/?post_type=product&#038;p=2932"},"modified":"2023-12-27T13:23:37","modified_gmt":"2023-12-27T12:23:37","slug":"regnjacka-swb","status":"publish","type":"product","link":"https:\/\/nehreklam.se\/eshop\/swbmedlem\/produkt\/regnjacka-swb\/","title":{"rendered":"Regnjacka, SWB"},"content":{"rendered":"","protected":false},"excerpt":{"rendered":"<p>En klassisk regnjacka med tryckknappar i metall. Justerbar huva med sk\u00e4rm. Tv\u00e5 framfickor med ficklock, ventilationsh\u00e5l i metall samt tejpade s\u00f6mmar.<\/p>\n<div>\n<div class=\"Text-sc-s31epd-0 iOMnrj d-inline f3-700 mr-1\"><strong>Material:<\/strong> 100% polyester med polyuretan. WP 8000.<\/div>\n<\/div>\n<div>\n<div class=\"Text-sc-s31epd-0 iOMnrj d-inline f3-700 mr-1\"><strong>Vikt:<\/strong> 136 g\/m2<\/div>\n<\/div>\n<p><em>Tryckt logga p\u00e5 br\u00f6st &amp; rygg. Till\u00e4gg f\u00f6r namntryck kan best\u00e4llas. Namnet placeras p\u00e5 h\u00f6ger br\u00f6st.<br \/>\n<\/em><\/p>\n","protected":false},"featured_media":2925,"template":"","meta":[],"product_brand":[],"product_cat":[6],"product_tag":[],"class_list":{"0":"post-2932","1":"product","2":"type-product","3":"status-publish","4":"has-post-thumbnail","6":"product_cat-klader","7":"has-post-title","8":"has-post-date","9":"has-post-category","10":"has-post-tag","11":"has-post-comment","12":"has-post-author","13":"","15":"first","16":"instock","17":"taxable","18":"shipping-taxable","19":"purchasable","20":"product-type-variable"},"builder_content":"","_links":{"self":[{"href":"https:\/\/nehreklam.se\/eshop\/swbmedlem\/wp-json\/wp\/v2\/product\/2932","targetHints":{"allow":["GET"]}}],"collection":[{"href":"https:\/\/nehreklam.se\/eshop\/swbmedlem\/wp-json\/wp\/v2\/product"}],"about":[{"href":"https:\/\/nehreklam.se\/eshop\/swbmedlem\/wp-json\/wp\/v2\/types\/product"}],"wp:featuredmedia":[{"embeddable":true,"href":"https:\/\/nehreklam.se\/eshop\/swbmedlem\/wp-json\/wp\/v2\/media\/2925"}],"wp:attachment":[{"href":"https:\/\/nehreklam.se\/eshop\/swbmedlem\/wp-json\/wp\/v2\/media?parent=2932"}],"wp:term":[{"taxonomy":"product_brand","embeddable":true,"href":"https:\/\/nehreklam.se\/eshop\/swbmedlem\/wp-json\/wp\/v2\/product_brand?post=2932"},{"taxonomy":"product_cat","embeddable":true,"href":"https:\/\/nehreklam.se\/eshop\/swbmedlem\/wp-json\/wp\/v2\/product_cat?post=2932"},{"taxonomy":"product_tag","embeddable":true,"href":"https:\/\/nehreklam.se\/eshop\/swbmedlem\/wp-json\/wp\/v2\/product_tag?post=2932"}],"curies":[{"name":"wp","href":"https:\/\/api.w.org\/{rel}","templated":true}]}}