{"id":3074,"date":"2023-12-27T13:03:50","date_gmt":"2023-12-27T12:03:50","guid":{"rendered":"https:\/\/nehreklam.se\/eshop\/swbmedlem\/?post_type=product&#038;p=3074"},"modified":"2023-12-28T09:36:49","modified_gmt":"2023-12-28T08:36:49","slug":"pike-funktion-unisex","status":"publish","type":"product","link":"https:\/\/nehreklam.se\/eshop\/swbmedlem\/produkt\/pike-funktion-unisex\/","title":{"rendered":"Pik\u00e9 funktion, unisex"},"content":{"rendered":"","protected":false},"excerpt":{"rendered":"<p>En unisex baspik\u00e9 f\u00f6r vardagsbruk med bra passform. Spun dyed tyg med pik\u00e9struktur. Pik\u00e9n har 3 ton-i-ton knappar, slitsar i sidorna och f\u00f6rst\u00e4rkt nackband.<\/p>\n<div class=\"Text-sc-s31epd-0 iOMnrj d-inline f3-700 mr-1\"><strong>Material<\/strong>: 100% polyester<\/div>\n<div>\n<div>\n<div class=\"Text-sc-s31epd-0 iOMnrj d-inline f3-700 mr-1\"><strong>Vikt<\/strong>: 160 g\/m2<\/div>\n<\/div>\n<\/div>\n","protected":false},"featured_media":3076,"template":"","meta":[],"product_brand":[],"product_cat":[6],"product_tag":[],"class_list":{"0":"post-3074","1":"product","2":"type-product","3":"status-publish","4":"has-post-thumbnail","6":"product_cat-klader","7":"has-post-title","8":"has-post-date","9":"has-post-category","10":"has-post-tag","11":"has-post-comment","12":"has-post-author","13":"","15":"first","16":"instock","17":"taxable","18":"shipping-taxable","19":"purchasable","20":"product-type-variable"},"builder_content":"","_links":{"self":[{"href":"https:\/\/nehreklam.se\/eshop\/swbmedlem\/wp-json\/wp\/v2\/product\/3074","targetHints":{"allow":["GET"]}}],"collection":[{"href":"https:\/\/nehreklam.se\/eshop\/swbmedlem\/wp-json\/wp\/v2\/product"}],"about":[{"href":"https:\/\/nehreklam.se\/eshop\/swbmedlem\/wp-json\/wp\/v2\/types\/product"}],"wp:featuredmedia":[{"embeddable":true,"href":"https:\/\/nehreklam.se\/eshop\/swbmedlem\/wp-json\/wp\/v2\/media\/3076"}],"wp:attachment":[{"href":"https:\/\/nehreklam.se\/eshop\/swbmedlem\/wp-json\/wp\/v2\/media?parent=3074"}],"wp:term":[{"taxonomy":"product_brand","embeddable":true,"href":"https:\/\/nehreklam.se\/eshop\/swbmedlem\/wp-json\/wp\/v2\/product_brand?post=3074"},{"taxonomy":"product_cat","embeddable":true,"href":"https:\/\/nehreklam.se\/eshop\/swbmedlem\/wp-json\/wp\/v2\/product_cat?post=3074"},{"taxonomy":"product_tag","embeddable":true,"href":"https:\/\/nehreklam.se\/eshop\/swbmedlem\/wp-json\/wp\/v2\/product_tag?post=3074"}],"curies":[{"name":"wp","href":"https:\/\/api.w.org\/{rel}","templated":true}]}}