{"id":3117,"date":"2023-12-28T09:15:38","date_gmt":"2023-12-28T08:15:38","guid":{"rendered":"https:\/\/nehreklam.se\/eshop\/swbmedlem\/?post_type=product&#038;p=3117"},"modified":"2023-12-28T09:17:55","modified_gmt":"2023-12-28T08:17:55","slug":"sweatshirt-logga-unisex","status":"publish","type":"product","link":"https:\/\/nehreklam.se\/eshop\/swbmedlem\/produkt\/sweatshirt-logga-unisex\/","title":{"rendered":"Sweatshirt Logga, unisex"},"content":{"rendered":"","protected":false},"excerpt":{"rendered":"<p>En spun dyed sweatshirt i unisexmodell. Raglansk\u00e4rning och en \u00e4rmficka med ton-i-ton dragkedja. Fiskbensm\u00f6nstrat nackband i halsen, ribbad mudd i \u00e4rmavslut och nedtill. Stor tryckt logga framtill, samt p\u00e5 rygg.<\/p>\n<div>\n<div class=\"Text-sc-s31epd-0 iOMnrj d-inline f3-700 mr-1\"><strong>Material<\/strong>: 100% polyester<\/div>\n<\/div>\n<div>\n<div class=\"Text-sc-s31epd-0 iOMnrj d-inline f3-700 mr-1\"><strong>Vikt:<\/strong> 280 g\/m2<\/div>\n<\/div>\n","protected":false},"featured_media":3120,"template":"","meta":[],"product_brand":[],"product_cat":[6],"product_tag":[],"class_list":{"0":"post-3117","1":"product","2":"type-product","3":"status-publish","4":"has-post-thumbnail","6":"product_cat-klader","7":"has-post-title","8":"has-post-date","9":"has-post-category","10":"has-post-tag","11":"has-post-comment","12":"has-post-author","13":"","15":"first","16":"instock","17":"taxable","18":"shipping-taxable","19":"purchasable","20":"product-type-variable"},"builder_content":"","_links":{"self":[{"href":"https:\/\/nehreklam.se\/eshop\/swbmedlem\/wp-json\/wp\/v2\/product\/3117","targetHints":{"allow":["GET"]}}],"collection":[{"href":"https:\/\/nehreklam.se\/eshop\/swbmedlem\/wp-json\/wp\/v2\/product"}],"about":[{"href":"https:\/\/nehreklam.se\/eshop\/swbmedlem\/wp-json\/wp\/v2\/types\/product"}],"wp:featuredmedia":[{"embeddable":true,"href":"https:\/\/nehreklam.se\/eshop\/swbmedlem\/wp-json\/wp\/v2\/media\/3120"}],"wp:attachment":[{"href":"https:\/\/nehreklam.se\/eshop\/swbmedlem\/wp-json\/wp\/v2\/media?parent=3117"}],"wp:term":[{"taxonomy":"product_brand","embeddable":true,"href":"https:\/\/nehreklam.se\/eshop\/swbmedlem\/wp-json\/wp\/v2\/product_brand?post=3117"},{"taxonomy":"product_cat","embeddable":true,"href":"https:\/\/nehreklam.se\/eshop\/swbmedlem\/wp-json\/wp\/v2\/product_cat?post=3117"},{"taxonomy":"product_tag","embeddable":true,"href":"https:\/\/nehreklam.se\/eshop\/swbmedlem\/wp-json\/wp\/v2\/product_tag?post=3117"}],"curies":[{"name":"wp","href":"https:\/\/api.w.org\/{rel}","templated":true}]}}